{"id":132,"date":"2018-01-18T18:28:09","date_gmt":"2018-01-18T17:28:09","guid":{"rendered":"http:\/\/fotoklub-zamek.pl\/?page_id=132"},"modified":"2018-01-23T10:07:43","modified_gmt":"2018-01-23T09:07:43","slug":"kontakt","status":"publish","type":"page","link":"https:\/\/fotoklub-zamek.pl\/index.php\/kontakt\/","title":{"rendered":"Kontakt"},"content":{"rendered":"<table style=\"height: 111px;\" border=\"0\" width=\"637\" cellspacing=\"0\" cellpadding=\"0\">\n<tbody>\n<tr>\n<td width=\"100\">Adres:<\/td>\n<td>\n<div id=\"mceu_42\" class=\"wp-link-preview\">Zamek Ksi\u0105\u017c\u0105t Pomorskich<\/div>\n<\/td>\n<\/tr>\n<tr>\n<td width=\"100\"><\/td>\n<td>ul. Korsarzy 34<\/td>\n<\/tr>\n<tr>\n<td width=\"100\"><\/td>\n<td>70-540\u00a0 Szczecin<\/td>\n<\/tr>\n<tr>\n<td width=\"100\"><\/td>\n<td>Polska \/ Poland<\/td>\n<\/tr>\n<\/tbody>\n<\/table>\n<table style=\"height: 111px;\" border=\"0\" width=\"637\" cellspacing=\"0\" cellpadding=\"0\">\n<tbody>\n<tr>\n<td width=\"100\">Mail:<\/td>\n<td>\n<div id=\"mceu_42\" class=\"wp-link-preview\"><a tabindex=\"-1\" href=\"http:\/\/fotoklub-zamek.pl\/wp-admin\/foto@fotoklub-zamek.pl\" target=\"_blank\" rel=\"noopener\">foto@fotoklub-zamek.pl<\/a><\/div>\n<\/td>\n<\/tr>\n<tr>\n<td width=\"100\">Telefon:<\/td>\n<td>tel. (+48) 91-433-49-71\u00a0\u00a0\u00a0\u00a0\u00a0\u00a0 fax. (+48) 91-434-79-84<\/td>\n<\/tr>\n<tr>\n<td width=\"100\">Fanpage FB<\/td>\n<td>\u00a0[https:\/\/www.facebook.com\/fotoklubzamekszczecin\/?ref=bookmarks]<\/td>\n<\/tr>\n<tr>\n<td width=\"100\"><\/td>\n<td><a href=\"http:\/\/www.fotoklub-zamek.pl\" target=\"_blank\" rel=\"noopener\">http:\/\/www.fotoklub-zamek.pl<\/a><\/td>\n<\/tr>\n<\/tbody>\n<\/table>\n","protected":false},"excerpt":{"rendered":"<p>Adres: Zamek Ksi\u0105\u017c\u0105t Pomorskich ul. Korsarzy 34 70-540\u00a0 Szczecin Polska \/ Poland Mail: foto@fotoklub-zamek.pl Telefon: tel. (+48) 91-433-49-71\u00a0\u00a0\u00a0\u00a0\u00a0\u00a0 fax. (+48) 91-434-79-84 Fanpage FB \u00a0[https:\/\/www.facebook.com\/fotoklubzamekszczecin\/?ref=bookmarks] http:\/\/www.fotoklub-zamek.pl<\/p>\n","protected":false},"author":1,"featured_media":0,"parent":0,"menu_order":0,"comment_status":"closed","ping_status":"closed","template":"","meta":{"ngg_post_thumbnail":0,"footnotes":""},"class_list":["post-132","page","type-page","status-publish","hentry","no-thumb"],"_links":{"self":[{"href":"https:\/\/fotoklub-zamek.pl\/index.php\/wp-json\/wp\/v2\/pages\/132","targetHints":{"allow":["GET"]}}],"collection":[{"href":"https:\/\/fotoklub-zamek.pl\/index.php\/wp-json\/wp\/v2\/pages"}],"about":[{"href":"https:\/\/fotoklub-zamek.pl\/index.php\/wp-json\/wp\/v2\/types\/page"}],"author":[{"embeddable":true,"href":"https:\/\/fotoklub-zamek.pl\/index.php\/wp-json\/wp\/v2\/users\/1"}],"replies":[{"embeddable":true,"href":"https:\/\/fotoklub-zamek.pl\/index.php\/wp-json\/wp\/v2\/comments?post=132"}],"version-history":[{"count":10,"href":"https:\/\/fotoklub-zamek.pl\/index.php\/wp-json\/wp\/v2\/pages\/132\/revisions"}],"predecessor-version":[{"id":245,"href":"https:\/\/fotoklub-zamek.pl\/index.php\/wp-json\/wp\/v2\/pages\/132\/revisions\/245"}],"wp:attachment":[{"href":"https:\/\/fotoklub-zamek.pl\/index.php\/wp-json\/wp\/v2\/media?parent=132"}],"curies":[{"name":"wp","href":"https:\/\/api.w.org\/{rel}","templated":true}]}}