{"id":268,"date":"2018-01-23T19:07:44","date_gmt":"2018-01-23T18:07:44","guid":{"rendered":"http:\/\/fotoklub-zamek.pl\/?page_id=268"},"modified":"2018-01-23T22:31:42","modified_gmt":"2018-01-23T21:31:42","slug":"linki","status":"publish","type":"page","link":"https:\/\/fotoklub-zamek.pl\/index.php\/linki\/","title":{"rendered":"Linki"},"content":{"rendered":"<div>\n<table class=\"contentpaneopen\">\n<tbody>\n<tr>\n<td class=\"contentheading\" width=\"100%\">\n<h3><a class=\"contentpagetitle\" href=\"http:\/\/www.fotoklub.zamek.szczecin.pl\/index.php\/linki\/44-fotograficy\/65-fotograficy.html\"><span style=\"color: #ffffff;\">Fotograficy<\/span><\/a><\/h3>\n<\/td>\n<\/tr>\n<\/tbody>\n<\/table>\n<table class=\"contentpaneopen\">\n<tbody>\n<tr>\n<td colspan=\"2\" valign=\"top\"><a href=\"http:\/\/fotografika.i-csa.com\/fotoklub\/cybulski07.html\" target=\"_blank\" rel=\"noopener\">Mieczys\u0142aw Cybulski<\/a><\/p>\n<p><a href=\"http:\/\/www.gancarczyk.com\/\" target=\"_blank\" rel=\"noopener\">Jacek Gancarczyk<\/a><\/p>\n<p><a href=\"http:\/\/fotografika.i-csa.com\/\" target=\"_blank\" rel=\"noopener\">Micha\u0142 Kurc<\/a><\/p>\n<p><a href=\"http:\/\/www.sachno.pl\/\" target=\"_blank\" rel=\"noopener\">Sergiusz Sachno<\/a><\/p>\n<p><a href=\"http:\/\/www.graff.art.pl\/kronika\/index.htm\" target=\"_self\">IREK GRAFF<\/a><\/p>\n<p><a href=\"http:\/\/www.photomix.lap.pl\" target=\"_blank\" rel=\"noopener\">Zbigniew Stawny<\/a><\/p>\n<p><a href=\"https:\/\/besaofotografii.wordpress.com\/\" target=\"_self\">Pawe\u0142 Janczaruk<\/a><\/p>\n<p><a href=\"http:\/\/fixfocus.pl\/\">Krzysztof Lachowicz<\/a><\/td>\n<\/tr>\n<\/tbody>\n<\/table>\n<\/div>\n<div>\n<table class=\"contentpaneopen\">\n<tbody>\n<tr>\n<td class=\"contentheading\" width=\"100%\">\n<h3><span style=\"color: #ffffff;\"><a class=\"contentpagetitle\" style=\"color: #ffffff;\" href=\"http:\/\/www.fotoklub.zamek.szczecin.pl\/index.php\/linki\/43-organizacje-fotograficzne\/59-linki.html\"> Organizacje Fotograficzne<\/a><\/span><\/h3>\n<\/td>\n<\/tr>\n<\/tbody>\n<\/table>\n<table class=\"contentpaneopen\">\n<tbody>\n<tr>\n<td colspan=\"2\" valign=\"top\"><a title=\"Fotoklub Rzeczypospolitej Polskiej\" href=\"http:\/\/fotoklubrp.org\/\" target=\"_blank\" rel=\"noopener\">Fotoklub Rzeczypospolitej Polskiej<\/a><\/p>\n<p><a title=\"Zwi\u0105zek Polskich Fotografik\u00f3w Przyrody\" href=\"http:\/\/zpfp.pl\/\" target=\"_blank\" rel=\"noopener\">Zwi\u0105zek Polskich Fotografik\u00f3w Przyrody<\/a><\/p>\n<p><a title=\"Zwi\u0105zek Polskich Artyst\u00f3w Fotografik\u00f3w\" href=\"http:\/\/www.zpaf.pl\/pl\/content\/main\/\" target=\"_blank\" rel=\"noopener\">Zwi\u0105zek Polskich Artyst\u00f3w Fotografik\u00f3w<\/a><\/p>\n<p><a title=\"Fundacja\" href=\"http:\/\/fotografia.org.pl\/\" target=\"_blank\" rel=\"noopener\">Fundacja &#8222;Fotografia dla Przysz\u0142o\u015bci&#8221;<\/a><\/p>\n<p><a title=\"Komisja Fotografii Krajoznawczej ZG PTTK\" href=\"http:\/\/www.pttk.pl\/pttk\/komisje\/index.php?co=k_fk\" target=\"_blank\" rel=\"noopener\">Komisja Fotografii Krajoznawczej ZG PTTK<\/a><\/p>\n<p><a href=\"http:\/\/www.niezalezni.art.pl\/\" target=\"_blank\" rel=\"noopener\">JKF Niezale\u017cni<\/a><\/p>\n<p><a href=\"http:\/\/www.jtf.net.pl\">JTF &#8211;\u00a0 Jeleniog\u00f3rskie Towarzystwo Fotograficzne<\/a><\/p>\n<p><a href=\"http:\/\/www.gtf.org.pl\/\" target=\"_blank\" rel=\"noopener\">Gda\u0144skie Towarzystwo Fotograficzne<\/a><\/p>\n<p><a href=\"http:\/\/www.ltf.org.pl\/\" target=\"_blank\" rel=\"noopener\">Lubelskie Towarzystwo Fotograficzne<\/a><\/p>\n<p><a href=\"http:\/\/www.ltf.alterro.webd.pl\/\" target=\"_blank\" rel=\"noopener\">Lubuskie Towarzystwo Fotograficzne<\/a><\/p>\n<p><a href=\"http:\/\/www.stf.pl\" target=\"_blank\" rel=\"noopener\">Szczeci\u0144skie Towarzystwo Fotograficzne<\/a><\/p>\n<p><a href=\"http:\/\/www.pttk.lodz.pl\/\" target=\"_blank\" rel=\"noopener\">Centrum Fotografii Krajoznawczej<\/a><\/p>\n<p><a href=\"http:\/\/www.fotoplastykon.com.pl\/\" target=\"_blank\" rel=\"noopener\">Galeria Fotoplastykon<\/a><\/p>\n<p><a href=\"http:\/\/www.krakowskiklubfotograficzny.pl\/\" target=\"_blank\" rel=\"noopener\">Krakowski Klub Fotograficzny<\/a><\/p>\n<p><a href=\"http:\/\/btf.crf.pl\/\" target=\"_blank\" rel=\"noopener\">Ba\u0142tyckie Towarzystwo Fotograficzne<\/a><\/p>\n<p><a href=\"http:\/\/www.fotoaktywni.xon.pl\/\" target=\"_blank\" rel=\"noopener\">Fotoaktywni &#8211; S\u0142upski Klub Fotograficzny<\/a><\/p>\n<p><a href=\"http:\/\/www.jarte.org\/index.php?option=com_content&amp;task=blogsection&amp;id=1&amp;Itemid=59\" target=\"_blank\" rel=\"noopener\">j&#8217;ARTe Stowarzyszenie Kulturalne<\/a><\/td>\n<\/tr>\n<\/tbody>\n<\/table>\n<\/div>\n<div>\n<table class=\"contentpaneopen\">\n<tbody>\n<tr>\n<td class=\"contentheading\" width=\"100%\">\n<h3><span style=\"color: #ffffff;\"><a class=\"contentpagetitle\" style=\"color: #ffffff;\" href=\"http:\/\/www.fotoklub.zamek.szczecin.pl\/index.php\/linki\/42-pisma-fotograficzne\/58-linki.html\"> Pisma Fotograficzne<\/a><\/span><\/h3>\n<\/td>\n<\/tr>\n<\/tbody>\n<\/table>\n<table class=\"contentpaneopen\">\n<tbody>\n<tr>\n<td colspan=\"2\" valign=\"top\"><a title=\"Foto Kurier\" href=\"http:\/\/www.foto-kurier.com.pl\/\" target=\"_blank\" rel=\"noopener\">Foto Kurier<\/a><\/p>\n<p><a title=\"Pozytyw\" href=\"http:\/\/www.pozytyw.org.pl\/\" target=\"_blank\" rel=\"noopener\">Pozytyw<\/a><\/p>\n<p><a title=\"Internetowe Strony Fotograficzne\" href=\"http:\/\/www.foto.com.pl\/\" target=\"_blank\" rel=\"noopener\">Internetowa Gazeta Fotograficzna<\/a><\/p>\n<p><a title=\"Fotografia\" href=\"http:\/\/www.fotografia.net.pl\/\" target=\"_blank\" rel=\"noopener\">Fotografia<\/a><\/p>\n<p><a title=\"Lustrzanka\" href=\"http:\/\/www.tmf.waw.pl\/\" target=\"_blank\" rel=\"noopener\">Lustrzanka <\/a><\/td>\n<\/tr>\n<\/tbody>\n<\/table>\n<\/div>\n<div>\n<table class=\"contentpaneopen\">\n<tbody>\n<tr>\n<td class=\"contentheading\" width=\"100%\">\n<h3><span style=\"color: #ffffff;\"><a class=\"contentpagetitle\" style=\"color: #ffffff;\" href=\"http:\/\/www.fotoklub.zamek.szczecin.pl\/index.php\/linki\/41-internetowe-strony-fotograficzne\/27-linki.html\"> Internetowe Strony Fotograficzne<\/a><\/span><\/h3>\n<\/td>\n<\/tr>\n<\/tbody>\n<\/table>\n<table class=\"contentpaneopen\">\n<tbody>\n<tr>\n<td colspan=\"2\" valign=\"top\"><a href=\"http:\/\/www.fotopolis.pl\/\">Fotopolis.pl<\/a><\/p>\n<p><a href=\"http:\/\/www.fotografuj.pl\/\">fotografuj.pl<\/a><\/p>\n<p><a href=\"http:\/\/www.swiatobrazu.pl\/index.php\">\u015awiatObrazu.pl<\/a><\/p>\n<p><a href=\"http:\/\/www.fvd.pl\/\">Chip Foto-Video<\/a><\/td>\n<\/tr>\n<\/tbody>\n<\/table>\n<\/div>\n","protected":false},"excerpt":{"rendered":"<p>Fotograficy Mieczys\u0142aw Cybulski Jacek Gancarczyk Micha\u0142 Kurc Sergiusz Sachno IREK GRAFF Zbigniew Stawny Pawe\u0142 Janczaruk Krzysztof Lachowicz Organizacje Fotograficzne Fotoklub Rzeczypospolitej Polskiej Zwi\u0105zek Polskich Fotografik\u00f3w Przyrody Zwi\u0105zek Polskich Artyst\u00f3w Fotografik\u00f3w Fundacja &#8222;Fotografia dla Przysz\u0142o\u015bci&#8221; Komisja Fotografii Krajoznawczej ZG PTTK JKF Niezale\u017cni JTF &#8211;\u00a0 Jeleniog\u00f3rskie Towarzystwo Fotograficzne Gda\u0144skie Towarzystwo Fotograficzne Lubelskie Towarzystwo Fotograficzne Lubuskie Towarzystwo FotograficzneContinue reading &rarr;<\/p>\n","protected":false},"author":1,"featured_media":0,"parent":0,"menu_order":0,"comment_status":"closed","ping_status":"closed","template":"","meta":{"ngg_post_thumbnail":0,"footnotes":""},"class_list":["post-268","page","type-page","status-publish","hentry","no-thumb"],"_links":{"self":[{"href":"https:\/\/fotoklub-zamek.pl\/index.php\/wp-json\/wp\/v2\/pages\/268","targetHints":{"allow":["GET"]}}],"collection":[{"href":"https:\/\/fotoklub-zamek.pl\/index.php\/wp-json\/wp\/v2\/pages"}],"about":[{"href":"https:\/\/fotoklub-zamek.pl\/index.php\/wp-json\/wp\/v2\/types\/page"}],"author":[{"embeddable":true,"href":"https:\/\/fotoklub-zamek.pl\/index.php\/wp-json\/wp\/v2\/users\/1"}],"replies":[{"embeddable":true,"href":"https:\/\/fotoklub-zamek.pl\/index.php\/wp-json\/wp\/v2\/comments?post=268"}],"version-history":[{"count":14,"href":"https:\/\/fotoklub-zamek.pl\/index.php\/wp-json\/wp\/v2\/pages\/268\/revisions"}],"predecessor-version":[{"id":283,"href":"https:\/\/fotoklub-zamek.pl\/index.php\/wp-json\/wp\/v2\/pages\/268\/revisions\/283"}],"wp:attachment":[{"href":"https:\/\/fotoklub-zamek.pl\/index.php\/wp-json\/wp\/v2\/media?parent=268"}],"curies":[{"name":"wp","href":"https:\/\/api.w.org\/{rel}","templated":true}]}}