{"id":37,"date":"2018-01-18T13:20:09","date_gmt":"2018-01-18T12:20:09","guid":{"rendered":"http:\/\/fotoklub-zamek.pl\/?page_id=37"},"modified":"2024-01-19T11:47:08","modified_gmt":"2024-01-19T10:47:08","slug":"czlonkowie-fotoklubu","status":"publish","type":"page","link":"https:\/\/fotoklub-zamek.pl\/index.php\/czlonkowie-fotoklubu\/","title":{"rendered":"Cz\u0142onkowie fotoklubu"},"content":{"rendered":"<p><strong>prezes: &nbsp; Beata Bogus\u0142awska<br \/>\nwiceprezes: Monika Mazurek<br \/>\nskarbnik: Jolanta Lalak<br \/>\n<\/strong><\/p>\n<hr>\n<p><strong>komisja artystyczna w sk\u0142adzie:<\/strong><\/p>\n<p><strong>Beata Bogus\u0142awska<\/strong><br \/>\n<strong>Regina Nowotarska<\/strong><br \/>\n<strong>Krzysztof Lachowicz<\/strong><\/p>\n<hr>\n<p><strong>cz\u0142onkowie Fotoklubu Zamek:<\/strong><\/p>\n<p>Katarzyna Antoniak (AFRP) &#8211; cz\u0142onek rzeczywisty<br \/>\nStanis\u0142aw B\u0105bolewski &#8211; cz\u0142onek rzeczywisty<br \/>\nMarek Bogdzi\u0144ski &#8211; cz\u0142onek rzeczywisty<br \/>\nBeata Bogus\u0142awska (AFRP) &#8211; cz\u0142onek rzeczywisty<br \/>\nDanuta Borek &#8211; cz\u0142onek rzeczywisty<br \/>\nElzbieta Chojnacka (ZPFP) &#8211; sympatyk<br \/>\nAndrzej Czapiewski &#8211; cz\u0142onek rzeczywisty<br \/>\nAnna Czerwik &#8211; cz\u0142onek rzeczywisty<br \/>\nRoman Drochomirecki &#8211; cz\u0142onek rzeczywisty<br \/>\nGra\u017cyna Dru\u017cy\u0144ska &#8211; cz\u0142onek rzeczywisty<br \/>\nMarian Fidos (AFRP) &#8211; cz\u0142onek rzeczywisty<br \/>\nJacek Furtak &#8211; cz\u0142onek rzeczywisty<br \/>\nAgnieszka Janucka-Piopio\u0142ek &#8211; cz\u0142onek rzeczywisty<br \/>\nJerzy Jartym (AFRP) &#8211; sympatyk<br \/>\nMarek Kaczor &#8211; cz\u0142onek rzeczywisty<br \/>\nPiotr Ka\u017amierczak &#8211; cz\u0142onek rzeczywisty<br \/>\nArtur Klimek &#8211; cz\u0142onek rzeczywisty<br \/>\nAnna Klinkosz (AFRP) &#8211; cz\u0142onek rzeczywisty<br \/>\nZbigniew Ko\u0142odziej &#8211; sympatyk<br \/>\nKrzysztof Kowalczyk (AFRP) &#8211; cz\u0142onek rzeczywisty<br \/>\nPawe\u0142 Kozanecki &#8211; cz\u0142onek rzeczywisty<br \/>\nAndrzej Krupi\u0144ski (AFRP) &#8211; cz\u0142onek rzeczywisty<br \/>\nAndrzej Kutys &#8211; cz\u0142onek honorowy<br \/>\nKrzysztof Lachowicz &#8211; cz\u0142onek rzeczywisty<br \/>\nJolanta Lalak &#8211; cz\u0142onek rzeczywisty<br \/>\nTomasz Lazar (ZPAF) &#8211; cz\u0142onek rzeczywisty<br \/>\nJoanna Lebioda &#8211; cz\u0142onek rzeczywisty<br \/>\nKamil Macio\u0142 (AFRP) &#8211; cz\u0142onek rzeczywisty<br \/>\n\u015bp. Iwona Malenta (AFRP) &#8211; cz\u0142onek rzeczywisty<br \/>\n\u0141ukasz Mate\u0144ko &#8211; cz\u0142onek rzeczywisty<br \/>\nMonika Mazurek &#8211; cz\u0142onek rzeczywisty<br \/>\nGrzegorz Miko\u0142ajczyk &#8211; cz\u0142onek rzeczywisty<br \/>\nSzymon Moskwa &#8211; cz\u0142onek rzeczywisty<br \/>\nMicha\u0142 Nowakowski &#8211; cz\u0142onek rzeczywisty<br \/>\nRegina Nowotarska (AFRP) &#8211; cz\u0142onek rzeczywisty<br \/>\nEl\u017cbieta Or\u0142owska &#8211; kandydat<br \/>\nDariusz Pacer (AFRP) &#8211; cz\u0142onek rzeczywisty<br \/>\nMarta P\u0142achta &#8211; kandydat<br \/>\nGrzegorz Podbia\u0142 (IFK, ZPFP)- sympatyk<br \/>\n\u015bp. Zbigniew Pryjmak (IF ARA, AFRP) &#8211; cz\u0142onek rzeczywisty<br \/>\nKonrad Puchalski &#8211; cz\u0142onek rzeczywisty<br \/>\nZdzis\u0142aw Sienkowiec &#8211; cz\u0142onek-sympatyk<br \/>\nMarek Stanis\u0142awczyk &#8211; cz\u0142onek rzeczywisty<br \/>\nZbigniew Stawny (AFRP, IFK) &#8211; cz\u0142onek rzeczywisty<br \/>\nWojciech Szlachcikowski &#8211; cz\u0142onek rzeczywisty<br \/>\nRyszard Sztraus &#8211; cz\u0142onek rzeczywisty<br \/>\nVioletta Tarnowska (AFRP) &#8211; cz\u0142onek rzeczywisty<br \/>\nPawe\u0142 Tomiak &#8211; cz\u0142onek rzeczywisty<br \/>\nZenon Torzy\u0144ski &#8211; cz\u0142onek rzeczywisty<br \/>\nEl\u017cbieta Waszczuk (AFIAP, AFRP) &#8211; cz\u0142onek sympatyk<br \/>\nAndrzej Wizimirski &#8211; cz\u0142onek rzeczywisty<br \/>\nBeata Wojtunik &#8211; cz\u0142onek rzeczywisty<br \/>\n\u015bp. Jerzy Wygoda (AFRP, zdfp, IFK) &#8211; sympatyk<br \/>\nRegina Wypych (AFRP) &#8211; cz\u0142onek rzeczywisty<br \/>\nZbigniew Za\u0142uski &#8211; kandydat<br \/>\nWaldemar \u017bak &#8211; cz\u0142onek rzeczywisty<br \/>\nAgnieszka \u017bychska (AFRP) &#8211; sympatyk<br \/>\nBo\u017cena \u017byli\u0144ska (AFRP) &#8211; cz\u0142onek rzeczywisty<\/p>\n","protected":false},"excerpt":{"rendered":"<p>prezes: &nbsp; Beata Bogus\u0142awska wiceprezes: Monika Mazurek skarbnik: Jolanta Lalak komisja artystyczna w sk\u0142adzie: Beata Bogus\u0142awska Regina Nowotarska Krzysztof Lachowicz cz\u0142onkowie Fotoklubu Zamek: Katarzyna Antoniak (AFRP) &#8211; cz\u0142onek rzeczywisty Stanis\u0142aw B\u0105bolewski &#8211; cz\u0142onek rzeczywisty Marek Bogdzi\u0144ski &#8211; cz\u0142onek rzeczywisty Beata Bogus\u0142awska (AFRP) &#8211; cz\u0142onek rzeczywisty Danuta Borek &#8211; cz\u0142onek rzeczywisty Elzbieta Chojnacka (ZPFP) &#8211; sympatykContinue reading &rarr;<\/p>\n","protected":false},"author":1,"featured_media":0,"parent":0,"menu_order":1,"comment_status":"closed","ping_status":"closed","template":"","meta":{"ngg_post_thumbnail":0,"footnotes":""},"class_list":["post-37","page","type-page","status-publish","hentry","no-thumb"],"_links":{"self":[{"href":"https:\/\/fotoklub-zamek.pl\/index.php\/wp-json\/wp\/v2\/pages\/37","targetHints":{"allow":["GET"]}}],"collection":[{"href":"https:\/\/fotoklub-zamek.pl\/index.php\/wp-json\/wp\/v2\/pages"}],"about":[{"href":"https:\/\/fotoklub-zamek.pl\/index.php\/wp-json\/wp\/v2\/types\/page"}],"author":[{"embeddable":true,"href":"https:\/\/fotoklub-zamek.pl\/index.php\/wp-json\/wp\/v2\/users\/1"}],"replies":[{"embeddable":true,"href":"https:\/\/fotoklub-zamek.pl\/index.php\/wp-json\/wp\/v2\/comments?post=37"}],"version-history":[{"count":14,"href":"https:\/\/fotoklub-zamek.pl\/index.php\/wp-json\/wp\/v2\/pages\/37\/revisions"}],"predecessor-version":[{"id":2129,"href":"https:\/\/fotoklub-zamek.pl\/index.php\/wp-json\/wp\/v2\/pages\/37\/revisions\/2129"}],"wp:attachment":[{"href":"https:\/\/fotoklub-zamek.pl\/index.php\/wp-json\/wp\/v2\/media?parent=37"}],"curies":[{"name":"wp","href":"https:\/\/api.w.org\/{rel}","templated":true}]}}