{"id":436,"date":"2018-02-14T17:58:09","date_gmt":"2018-02-14T16:58:09","guid":{"rendered":"http:\/\/fotoklub-zamek.pl\/?page_id=436"},"modified":"2022-11-28T17:25:05","modified_gmt":"2022-11-28T16:25:05","slug":"galerie-fotoklubu","status":"publish","type":"page","link":"https:\/\/fotoklub-zamek.pl\/index.php\/galerie-fotoklubu\/","title":{"rendered":"Galerie Fotoklubu"},"content":{"rendered":"\n<hr class=\"wp-block-separator\"\/>\n\n\n<h3 style=\"text-align: center;\"><span style=\"color: #ffff00;\">Galeria zdj\u0119\u0107 Wojciecha Szlachcikowskiego<br><\/span><\/h3>\n<hr>\nngg_shortcode_0_placeholder<p><\/p>\n\n\n<hr class=\"wp-block-separator\"\/>\n\n\n<h3 style=\"text-align: center;\"><span style=\"color: #ffff00;\">Galeria zdj\u0119\u0107 Joanny Lebiody<\/span><\/h3>\n\n\n<hr class=\"wp-block-separator\"\/>\n\n\n\nngg_shortcode_1_placeholder\n\n\n\n<hr class=\"wp-block-separator\"\/>\n\n\n<h3 style=\"text-align: center;\"><span style=\"color: #ffff00;\">Galeria zdj\u0119\u0107 Artura Klimka<\/span><\/h3>\n\n\n<hr class=\"wp-block-separator\"\/>\n\n\n\nngg_shortcode_2_placeholder\n","protected":false},"excerpt":{"rendered":"<p>Galeria zdj\u0119\u0107 Wojciecha Szlachcikowskiego Galeria zdj\u0119\u0107 Joanny Lebiody Galeria zdj\u0119\u0107 Artura Klimka<\/p>\n","protected":false},"author":1,"featured_media":0,"parent":0,"menu_order":0,"comment_status":"closed","ping_status":"closed","template":"","meta":{"ngg_post_thumbnail":0,"footnotes":""},"class_list":["post-436","page","type-page","status-publish","hentry","no-thumb"],"_links":{"self":[{"href":"https:\/\/fotoklub-zamek.pl\/index.php\/wp-json\/wp\/v2\/pages\/436","targetHints":{"allow":["GET"]}}],"collection":[{"href":"https:\/\/fotoklub-zamek.pl\/index.php\/wp-json\/wp\/v2\/pages"}],"about":[{"href":"https:\/\/fotoklub-zamek.pl\/index.php\/wp-json\/wp\/v2\/types\/page"}],"author":[{"embeddable":true,"href":"https:\/\/fotoklub-zamek.pl\/index.php\/wp-json\/wp\/v2\/users\/1"}],"replies":[{"embeddable":true,"href":"https:\/\/fotoklub-zamek.pl\/index.php\/wp-json\/wp\/v2\/comments?post=436"}],"version-history":[{"count":16,"href":"https:\/\/fotoklub-zamek.pl\/index.php\/wp-json\/wp\/v2\/pages\/436\/revisions"}],"predecessor-version":[{"id":1948,"href":"https:\/\/fotoklub-zamek.pl\/index.php\/wp-json\/wp\/v2\/pages\/436\/revisions\/1948"}],"wp:attachment":[{"href":"https:\/\/fotoklub-zamek.pl\/index.php\/wp-json\/wp\/v2\/media?parent=436"}],"curies":[{"name":"wp","href":"https:\/\/api.w.org\/{rel}","templated":true}]}}